{"id":564,"date":"2026-01-29T09:55:32","date_gmt":"2026-01-29T08:55:32","guid":{"rendered":"https:\/\/www.primo-piatto.it\/aprire-un-pastificio\/"},"modified":"2026-05-04T12:33:58","modified_gmt":"2026-05-04T10:33:58","slug":"aprire-un-pastificio","status":"publish","type":"page","link":"https:\/\/www.primo-piatto.it\/es\/aprire-un-pastificio\/","title":{"rendered":"Abrir una f\u00e1brica de pasta"},"content":{"rendered":"<h1>Quieres abrir una f\u00e1brica de pasta?<\/h1>\n","protected":false},"excerpt":{"rendered":"<p>Quieres abrir una f\u00e1brica de pasta?<\/p>\n","protected":false},"author":1,"featured_media":451,"parent":0,"menu_order":0,"comment_status":"closed","ping_status":"closed","template":"page-aprire-un-pastificio.php","meta":{"_acf_changed":false,"inline_featured_image":false,"footnotes":""},"class_list":["post-564","page","type-page","status-publish","has-post-thumbnail","hentry"],"acf":[],"yoast_head":"<!-- This site is optimized with the Yoast SEO plugin v27.6 - https:\/\/yoast.com\/product\/yoast-seo-wordpress\/ -->\n<title>C\u00f3mo abrir una f\u00e1brica de pasta | Primo Piatto<\/title>\n<meta name=\"description\" content=\"Aprende c\u00f3mo abrir una f\u00e1brica de pasta con formaci\u00f3n profesional, consultor\u00eda, plan de negocio y apoyo en la puesta en marcha.\" \/>\n<meta name=\"robots\" content=\"index, follow, max-snippet:-1, max-image-preview:large, max-video-preview:-1\" \/>\n<link rel=\"canonical\" href=\"https:\/\/www.primo-piatto.it\/es\/aprire-un-pastificio\/\" \/>\n<meta property=\"og:locale\" content=\"es_ES\" \/>\n<meta property=\"og:type\" content=\"article\" \/>\n<meta property=\"og:title\" content=\"C\u00f3mo abrir una f\u00e1brica de pasta | Primo Piatto\" \/>\n<meta property=\"og:description\" content=\"Aprende c\u00f3mo abrir una f\u00e1brica de pasta con formaci\u00f3n profesional, consultor\u00eda, plan de negocio y apoyo en la puesta en marcha.\" \/>\n<meta property=\"og:url\" content=\"https:\/\/www.primo-piatto.it\/es\/aprire-un-pastificio\/\" \/>\n<meta property=\"og:site_name\" content=\"Primo Piatto\" \/>\n<meta property=\"article:publisher\" content=\"https:\/\/www.facebook.com\/primo.piatto.it\" \/>\n<meta property=\"article:modified_time\" content=\"2026-05-04T10:33:58+00:00\" \/>\n<meta property=\"og:image\" content=\"https:\/\/www.primo-piatto.it\/wp-content\/uploads\/2026\/03\/vuoi-aprire-un-pastificio.webp\" \/>\n\t<meta property=\"og:image:width\" content=\"1920\" \/>\n\t<meta property=\"og:image:height\" content=\"1097\" \/>\n\t<meta property=\"og:image:type\" content=\"image\/webp\" \/>\n<meta name=\"twitter:card\" content=\"summary_large_image\" \/>\n<meta name=\"twitter:label1\" content=\"Tiempo de lectura\" \/>\n\t<meta name=\"twitter:data1\" content=\"1 minuto\" \/>\n<script type=\"application\/ld+json\" class=\"yoast-schema-graph\">{\"@context\":\"https:\\\/\\\/schema.org\",\"@graph\":[{\"@type\":\"WebPage\",\"@id\":\"https:\\\/\\\/www.primo-piatto.it\\\/es\\\/aprire-un-pastificio\\\/\",\"url\":\"https:\\\/\\\/www.primo-piatto.it\\\/es\\\/aprire-un-pastificio\\\/\",\"name\":\"C\u00f3mo abrir una f\u00e1brica de pasta | Primo Piatto\",\"isPartOf\":{\"@id\":\"https:\\\/\\\/www.primo-piatto.it\\\/es\\\/#website\"},\"primaryImageOfPage\":{\"@id\":\"https:\\\/\\\/www.primo-piatto.it\\\/es\\\/aprire-un-pastificio\\\/#primaryimage\"},\"image\":{\"@id\":\"https:\\\/\\\/www.primo-piatto.it\\\/es\\\/aprire-un-pastificio\\\/#primaryimage\"},\"thumbnailUrl\":\"https:\\\/\\\/www.primo-piatto.it\\\/wp-content\\\/uploads\\\/2026\\\/03\\\/vuoi-aprire-un-pastificio.webp\",\"datePublished\":\"2026-01-29T08:55:32+00:00\",\"dateModified\":\"2026-05-04T10:33:58+00:00\",\"description\":\"Aprende c\u00f3mo abrir una f\u00e1brica de pasta con formaci\u00f3n profesional, consultor\u00eda, plan de negocio y apoyo en la puesta en marcha.\",\"breadcrumb\":{\"@id\":\"https:\\\/\\\/www.primo-piatto.it\\\/es\\\/aprire-un-pastificio\\\/#breadcrumb\"},\"inLanguage\":\"es\",\"potentialAction\":[{\"@type\":\"ReadAction\",\"target\":[\"https:\\\/\\\/www.primo-piatto.it\\\/es\\\/aprire-un-pastificio\\\/\"]}]},{\"@type\":\"ImageObject\",\"inLanguage\":\"es\",\"@id\":\"https:\\\/\\\/www.primo-piatto.it\\\/es\\\/aprire-un-pastificio\\\/#primaryimage\",\"url\":\"https:\\\/\\\/www.primo-piatto.it\\\/wp-content\\\/uploads\\\/2026\\\/03\\\/vuoi-aprire-un-pastificio.webp\",\"contentUrl\":\"https:\\\/\\\/www.primo-piatto.it\\\/wp-content\\\/uploads\\\/2026\\\/03\\\/vuoi-aprire-un-pastificio.webp\",\"width\":1920,\"height\":1097,\"caption\":\"Aprire Un Pastificio Primo Piatto\"},{\"@type\":\"BreadcrumbList\",\"@id\":\"https:\\\/\\\/www.primo-piatto.it\\\/es\\\/aprire-un-pastificio\\\/#breadcrumb\",\"itemListElement\":[{\"@type\":\"ListItem\",\"position\":1,\"name\":\"Home\",\"item\":\"https:\\\/\\\/www.primo-piatto.it\\\/es\\\/\"},{\"@type\":\"ListItem\",\"position\":2,\"name\":\"Abrir una f\u00e1brica de pasta\"}]},{\"@type\":\"WebSite\",\"@id\":\"https:\\\/\\\/www.primo-piatto.it\\\/es\\\/#website\",\"url\":\"https:\\\/\\\/www.primo-piatto.it\\\/es\\\/\",\"name\":\"Primo Piatto\",\"description\":\"Cursos profesionales de pasta fresca y seca\",\"potentialAction\":[{\"@type\":\"SearchAction\",\"target\":{\"@type\":\"EntryPoint\",\"urlTemplate\":\"https:\\\/\\\/www.primo-piatto.it\\\/es\\\/?s={search_term_string}\"},\"query-input\":{\"@type\":\"PropertyValueSpecification\",\"valueRequired\":true,\"valueName\":\"search_term_string\"}}],\"inLanguage\":\"es\"}]}<\/script>\n<!-- \/ Yoast SEO plugin. -->","yoast_head_json":{"title":"C\u00f3mo abrir una f\u00e1brica de pasta | Primo Piatto","description":"Aprende c\u00f3mo abrir una f\u00e1brica de pasta con formaci\u00f3n profesional, consultor\u00eda, plan de negocio y apoyo en la puesta en marcha.","robots":{"index":"index","follow":"follow","max-snippet":"max-snippet:-1","max-image-preview":"max-image-preview:large","max-video-preview":"max-video-preview:-1"},"canonical":"https:\/\/www.primo-piatto.it\/es\/aprire-un-pastificio\/","og_locale":"es_ES","og_type":"article","og_title":"C\u00f3mo abrir una f\u00e1brica de pasta | Primo Piatto","og_description":"Aprende c\u00f3mo abrir una f\u00e1brica de pasta con formaci\u00f3n profesional, consultor\u00eda, plan de negocio y apoyo en la puesta en marcha.","og_url":"https:\/\/www.primo-piatto.it\/es\/aprire-un-pastificio\/","og_site_name":"Primo Piatto","article_publisher":"https:\/\/www.facebook.com\/primo.piatto.it","article_modified_time":"2026-05-04T10:33:58+00:00","og_image":[{"width":1920,"height":1097,"url":"https:\/\/www.primo-piatto.it\/wp-content\/uploads\/2026\/03\/vuoi-aprire-un-pastificio.webp","type":"image\/webp"}],"twitter_card":"summary_large_image","twitter_misc":{"Tiempo de lectura":"1 minuto"},"schema":{"@context":"https:\/\/schema.org","@graph":[{"@type":"WebPage","@id":"https:\/\/www.primo-piatto.it\/es\/aprire-un-pastificio\/","url":"https:\/\/www.primo-piatto.it\/es\/aprire-un-pastificio\/","name":"C\u00f3mo abrir una f\u00e1brica de pasta | Primo Piatto","isPartOf":{"@id":"https:\/\/www.primo-piatto.it\/es\/#website"},"primaryImageOfPage":{"@id":"https:\/\/www.primo-piatto.it\/es\/aprire-un-pastificio\/#primaryimage"},"image":{"@id":"https:\/\/www.primo-piatto.it\/es\/aprire-un-pastificio\/#primaryimage"},"thumbnailUrl":"https:\/\/www.primo-piatto.it\/wp-content\/uploads\/2026\/03\/vuoi-aprire-un-pastificio.webp","datePublished":"2026-01-29T08:55:32+00:00","dateModified":"2026-05-04T10:33:58+00:00","description":"Aprende c\u00f3mo abrir una f\u00e1brica de pasta con formaci\u00f3n profesional, consultor\u00eda, plan de negocio y apoyo en la puesta en marcha.","breadcrumb":{"@id":"https:\/\/www.primo-piatto.it\/es\/aprire-un-pastificio\/#breadcrumb"},"inLanguage":"es","potentialAction":[{"@type":"ReadAction","target":["https:\/\/www.primo-piatto.it\/es\/aprire-un-pastificio\/"]}]},{"@type":"ImageObject","inLanguage":"es","@id":"https:\/\/www.primo-piatto.it\/es\/aprire-un-pastificio\/#primaryimage","url":"https:\/\/www.primo-piatto.it\/wp-content\/uploads\/2026\/03\/vuoi-aprire-un-pastificio.webp","contentUrl":"https:\/\/www.primo-piatto.it\/wp-content\/uploads\/2026\/03\/vuoi-aprire-un-pastificio.webp","width":1920,"height":1097,"caption":"Aprire Un Pastificio Primo Piatto"},{"@type":"BreadcrumbList","@id":"https:\/\/www.primo-piatto.it\/es\/aprire-un-pastificio\/#breadcrumb","itemListElement":[{"@type":"ListItem","position":1,"name":"Home","item":"https:\/\/www.primo-piatto.it\/es\/"},{"@type":"ListItem","position":2,"name":"Abrir una f\u00e1brica de pasta"}]},{"@type":"WebSite","@id":"https:\/\/www.primo-piatto.it\/es\/#website","url":"https:\/\/www.primo-piatto.it\/es\/","name":"Primo Piatto","description":"Cursos profesionales de pasta fresca y seca","potentialAction":[{"@type":"SearchAction","target":{"@type":"EntryPoint","urlTemplate":"https:\/\/www.primo-piatto.it\/es\/?s={search_term_string}"},"query-input":{"@type":"PropertyValueSpecification","valueRequired":true,"valueName":"search_term_string"}}],"inLanguage":"es"}]}},"_links":{"self":[{"href":"https:\/\/www.primo-piatto.it\/es\/wp-json\/wp\/v2\/pages\/564","targetHints":{"allow":["GET"]}}],"collection":[{"href":"https:\/\/www.primo-piatto.it\/es\/wp-json\/wp\/v2\/pages"}],"about":[{"href":"https:\/\/www.primo-piatto.it\/es\/wp-json\/wp\/v2\/types\/page"}],"author":[{"embeddable":true,"href":"https:\/\/www.primo-piatto.it\/es\/wp-json\/wp\/v2\/users\/1"}],"replies":[{"embeddable":true,"href":"https:\/\/www.primo-piatto.it\/es\/wp-json\/wp\/v2\/comments?post=564"}],"version-history":[{"count":4,"href":"https:\/\/www.primo-piatto.it\/es\/wp-json\/wp\/v2\/pages\/564\/revisions"}],"predecessor-version":[{"id":642,"href":"https:\/\/www.primo-piatto.it\/es\/wp-json\/wp\/v2\/pages\/564\/revisions\/642"}],"wp:featuredmedia":[{"embeddable":true,"href":"https:\/\/www.primo-piatto.it\/es\/wp-json\/wp\/v2\/media\/451"}],"wp:attachment":[{"href":"https:\/\/www.primo-piatto.it\/es\/wp-json\/wp\/v2\/media?parent=564"}],"curies":[{"name":"wp","href":"https:\/\/api.w.org\/{rel}","templated":true}]}}